{"id":238869,"date":"2022-03-03T21:10:44","date_gmt":"2022-03-03T21:10:44","guid":{"rendered":"https:\/\/golfogc.pl\/?page_id=238869"},"modified":"2022-03-14T19:36:50","modified_gmt":"2022-03-14T19:36:50","slug":"aktualnosci","status":"publish","type":"page","link":"https:\/\/golfogc.pl\/en\/aktualnosci\/","title":{"rendered":"News"},"content":{"rendered":"\n[et_pb_section fb_built=&#8221;1&#8243; admin_label=&#8221;TYTU\u0141 T\u0141O&#8221; _builder_version=&#8221;4.14.7&#8243; _module_preset=&#8221;default&#8221; background_color=&#8221;#204020&#8243; custom_padding=&#8221;33px||0px|||&#8221; bottom_divider_style=&#8221;curve&#8221; bottom_divider_color=&#8221;#A9AC1C&#8221; bottom_divider_height_tablet=&#8221;50px&#8221; bottom_divider_height_phone=&#8221;30px&#8221; bottom_divider_height_last_edited=&#8221;on|tablet&#8221; collapsed=&#8221;on&#8221; global_colors_info=&#8221;{}&#8221;][et_pb_row _builder_version=&#8221;4.14.7&#8243; _module_preset=&#8221;default&#8221; custom_padding=&#8221;9px|||||&#8221; global_colors_info=&#8221;{}&#8221;][et_pb_column type=&#8221;4_4&#8243; _builder_version=&#8221;4.14.7&#8243; _module_preset=&#8221;default&#8221; global_colors_info=&#8221;{}&#8221;][et_pb_text _builder_version=&#8221;4.14.7&#8243; _module_preset=&#8221;default&#8221; text_font=&#8221;Ubuntu|700|||||||&#8221; text_text_color=&#8221;#FFFFFF&#8221; header_font=&#8221;Ubuntu|700|||||||&#8221; header_text_color=&#8221;#FFFFFF&#8221; header_font_size=&#8221;40px&#8221; global_colors_info=&#8221;{}&#8221;]<h1 style=\"text-align: center;\">AKTUALNO\u015aCI<\/h1>[\/et_pb_text][\/et_pb_column][\/et_pb_row][\/et_pb_section][et_pb_section fb_built=&#8221;1&#8243; admin_label=&#8221;TYTU\u0141 OBRYS&#8221; _builder_version=&#8221;4.14.7&#8243; _module_preset=&#8221;default&#8221; background_color=&#8221;#A9AC1C&#8221; min_height=&#8221;30px&#8221; height=&#8221;30px&#8221; max_height=&#8221;30px&#8221; custom_margin=&#8221;0px||||false|false&#8221; custom_padding=&#8221;5px||0px|||&#8221; bottom_divider_style=&#8221;curve&#8221; bottom_divider_color=&#8221;#FFFFFF&#8221; bottom_divider_height_tablet=&#8221;50px&#8221; bottom_divider_height_phone=&#8221;30px&#8221; bottom_divider_height_last_edited=&#8221;on|phone&#8221; collapsed=&#8221;off&#8221; global_colors_info=&#8221;{}&#8221;][\/et_pb_section][et_pb_section fb_built=&#8221;1&#8243; admin_label=&#8221;Blog&#8221; _builder_version=&#8221;4.2.2&#8243; global_colors_info=&#8221;{}&#8221;][et_pb_row _builder_version=&#8221;4.14.7&#8243; hover_enabled=&#8221;0&#8243; global_colors_info=&#8221;{}&#8221; animation_style=&#8221;slide&#8221; sticky_enabled=&#8221;0&#8243;][et_pb_column type=&#8221;4_4&#8243; _builder_version=&#8221;4.2.2&#8243; global_colors_info=&#8221;{}&#8221;][et_pb_blog fullwidth=&#8221;off&#8221; include_categories=&#8221;all&#8221; excerpt_length=&#8221;100&#8243; show_more=&#8221;on&#8221; show_author=&#8221;off&#8221; _builder_version=&#8221;4.14.7&#8243; header_font=&#8221;PT Sans|700|||||||&#8221; header_text_color=&#8221;#A9AC1C&#8221; header_font_size=&#8221;16px&#8221; header_line_height=&#8221;1.3em&#8221; body_font=&#8221;PT Sans||||||||&#8221; body_font_size=&#8221;15px&#8221; body_line_height=&#8221;1.8em&#8221; meta_font=&#8221;PT Sans|700|||||||&#8221; meta_text_color=&#8221;#204020&#8243; meta_font_size=&#8221;13px&#8221; read_more_font=&#8221;|800|||||||&#8221; pagination_font=&#8221;PT Sans|700|||||||&#8221; pagination_text_color=&#8221;#007aff&#8221; pagination_font_size=&#8221;24px&#8221; pagination_line_height=&#8221;1.8em&#8221; border_radii=&#8221;on|10px|10px|10px|10px&#8221; border_width_all=&#8221;0px&#8221; box_shadow_style=&#8221;preset1&#8243; box_shadow_color=&#8221;rgba(12,113,195,0.13)&#8221; locked=&#8221;off&#8221; global_colors_info=&#8221;{}&#8221;][\/et_pb_blog][\/et_pb_column][\/et_pb_row][\/et_pb_section]\n","protected":false},"excerpt":{"rendered":"<p>News<\/p>","protected":false},"author":2,"featured_media":0,"parent":0,"menu_order":0,"comment_status":"closed","ping_status":"closed","template":"","meta":{"_et_pb_use_builder":"on","_et_pb_old_content":"","_et_gb_content_width":"","footnotes":""},"yoast_head":"<!-- This site is optimized with the Yoast SEO plugin v20.6 - https:\/\/yoast.com\/wordpress\/plugins\/seo\/ -->\n<title>Aktualno\u015bci - Olympic Golf Club | Warszawa | Driving Range<\/title>\n<meta name=\"description\" content=\"Zapisy na zaj\u0119cia, nabory i inne. B\u0105d\u017a na bie\u017c\u0105co ze wszystkimi wydarzeniami oraz informacjami z Olympic Golf Club sprawdzaj\u0105c aktualno\u015bci.\" \/>\n<meta name=\"robots\" content=\"index, follow, max-snippet:-1, max-image-preview:large, max-video-preview:-1\" \/>\n<link rel=\"canonical\" href=\"https:\/\/golfogc.pl\/en\/aktualnosci\/\" \/>\n<meta property=\"og:locale\" content=\"en_US\" \/>\n<meta property=\"og:type\" content=\"article\" \/>\n<meta property=\"og:title\" content=\"Aktualno\u015bci - Olympic Golf Club | Warszawa | Driving Range\" \/>\n<meta property=\"og:description\" content=\"Zapisy na zaj\u0119cia, nabory i inne. B\u0105d\u017a na bie\u017c\u0105co ze wszystkimi wydarzeniami oraz informacjami z Olympic Golf Club sprawdzaj\u0105c aktualno\u015bci.\" \/>\n<meta property=\"og:url\" content=\"https:\/\/golfogc.pl\/en\/aktualnosci\/\" \/>\n<meta property=\"og:site_name\" content=\"Olympic Golf Club | Warszawa | Driving Range\" \/>\n<meta property=\"article:publisher\" content=\"https:\/\/www.facebook.com\/olympicgolf\" \/>\n<meta property=\"article:modified_time\" content=\"2022-03-14T19:36:50+00:00\" \/>\n<meta name=\"twitter:card\" content=\"summary_large_image\" \/>\n<meta name=\"twitter:title\" content=\"Aktualno\u015bci - Olympic Golf Club | Warszawa | Driving Range\" \/>\n<meta name=\"twitter:description\" content=\"Zapisy na zaj\u0119cia, nabory i inne. B\u0105d\u017a na bie\u017c\u0105co ze wszystkimi wydarzeniami oraz informacjami z Olympic Golf Club sprawdzaj\u0105c aktualno\u015bci.\" \/>\n<meta name=\"twitter:label1\" content=\"Est. reading time\" \/>\n\t<meta name=\"twitter:data1\" content=\"1 minute\" \/>\n<script type=\"application\/ld+json\" class=\"yoast-schema-graph\">{\"@context\":\"https:\/\/schema.org\",\"@graph\":[{\"@type\":\"WebPage\",\"@id\":\"https:\/\/golfogc.pl\/aktualnosci\/\",\"url\":\"https:\/\/golfogc.pl\/aktualnosci\/\",\"name\":\"Aktualno\u015bci - Olympic Golf Club | Warszawa | Driving Range\",\"isPartOf\":{\"@id\":\"https:\/\/golfogc.pl\/#website\"},\"datePublished\":\"2022-03-03T21:10:44+00:00\",\"dateModified\":\"2022-03-14T19:36:50+00:00\",\"description\":\"Zapisy na zaj\u0119cia, nabory i inne. B\u0105d\u017a na bie\u017c\u0105co ze wszystkimi wydarzeniami oraz informacjami z Olympic Golf Club sprawdzaj\u0105c aktualno\u015bci.\",\"breadcrumb\":{\"@id\":\"https:\/\/golfogc.pl\/aktualnosci\/#breadcrumb\"},\"inLanguage\":\"en-US\",\"potentialAction\":[{\"@type\":\"ReadAction\",\"target\":[\"https:\/\/golfogc.pl\/aktualnosci\/\"]}]},{\"@type\":\"BreadcrumbList\",\"@id\":\"https:\/\/golfogc.pl\/aktualnosci\/#breadcrumb\",\"itemListElement\":[{\"@type\":\"ListItem\",\"position\":1,\"name\":\"Strona g\u0142\u00f3wna\",\"item\":\"https:\/\/golfogc.pl\/\"},{\"@type\":\"ListItem\",\"position\":2,\"name\":\"Aktualno\u015bci\"}]},{\"@type\":\"WebSite\",\"@id\":\"https:\/\/golfogc.pl\/#website\",\"url\":\"https:\/\/golfogc.pl\/\",\"name\":\"Olympic Golf Club | Warszawa | Driving Range\",\"description\":\"Oferujemy nauk\u0119 i \u0107wiczenia gry na driving range OLYMPIC GOLF CLUB.\",\"publisher\":{\"@id\":\"https:\/\/golfogc.pl\/#organization\"},\"potentialAction\":[{\"@type\":\"SearchAction\",\"target\":{\"@type\":\"EntryPoint\",\"urlTemplate\":\"https:\/\/golfogc.pl\/?s={search_term_string}\"},\"query-input\":\"required name=search_term_string\"}],\"inLanguage\":\"en-US\"},{\"@type\":\"Organization\",\"@id\":\"https:\/\/golfogc.pl\/#organization\",\"name\":\"Olympic Golf Club\",\"url\":\"https:\/\/golfogc.pl\/\",\"logo\":{\"@type\":\"ImageObject\",\"inLanguage\":\"en-US\",\"@id\":\"https:\/\/golfogc.pl\/#\/schema\/logo\/image\/\",\"url\":\"https:\/\/golfogc.pl\/wp-content\/uploads\/2022\/02\/LOGO_GOLF_OGC.png\",\"contentUrl\":\"https:\/\/golfogc.pl\/wp-content\/uploads\/2022\/02\/LOGO_GOLF_OGC.png\",\"width\":600,\"height\":499,\"caption\":\"Olympic Golf Club\"},\"image\":{\"@id\":\"https:\/\/golfogc.pl\/#\/schema\/logo\/image\/\"},\"sameAs\":[\"https:\/\/www.facebook.com\/olympicgolf\",\"https:\/\/www.instagram.com\/olympic_golf_club\/\",\"https:\/\/pl.pinterest.com\/olympicgolf\/_saved\/\"]}]}<\/script>\n<!-- \/ Yoast SEO plugin. -->","yoast_head_json":{"title":"Aktualno\u015bci - Olympic Golf Club | Warszawa | Driving Range","description":"Zapisy na zaj\u0119cia, nabory i inne. B\u0105d\u017a na bie\u017c\u0105co ze wszystkimi wydarzeniami oraz informacjami z Olympic Golf Club sprawdzaj\u0105c aktualno\u015bci.","robots":{"index":"index","follow":"follow","max-snippet":"max-snippet:-1","max-image-preview":"max-image-preview:large","max-video-preview":"max-video-preview:-1"},"canonical":"https:\/\/golfogc.pl\/en\/aktualnosci\/","og_locale":"en_US","og_type":"article","og_title":"Aktualno\u015bci - Olympic Golf Club | Warszawa | Driving Range","og_description":"Zapisy na zaj\u0119cia, nabory i inne. B\u0105d\u017a na bie\u017c\u0105co ze wszystkimi wydarzeniami oraz informacjami z Olympic Golf Club sprawdzaj\u0105c aktualno\u015bci.","og_url":"https:\/\/golfogc.pl\/en\/aktualnosci\/","og_site_name":"Olympic Golf Club | Warszawa | Driving Range","article_publisher":"https:\/\/www.facebook.com\/olympicgolf","article_modified_time":"2022-03-14T19:36:50+00:00","twitter_card":"summary_large_image","twitter_title":"Aktualno\u015bci - Olympic Golf Club | Warszawa | Driving Range","twitter_description":"Zapisy na zaj\u0119cia, nabory i inne. B\u0105d\u017a na bie\u017c\u0105co ze wszystkimi wydarzeniami oraz informacjami z Olympic Golf Club sprawdzaj\u0105c aktualno\u015bci.","twitter_misc":{"Est. reading time":"1 minute"},"schema":{"@context":"https:\/\/schema.org","@graph":[{"@type":"WebPage","@id":"https:\/\/golfogc.pl\/aktualnosci\/","url":"https:\/\/golfogc.pl\/aktualnosci\/","name":"Aktualno\u015bci - Olympic Golf Club | Warszawa | Driving Range","isPartOf":{"@id":"https:\/\/golfogc.pl\/#website"},"datePublished":"2022-03-03T21:10:44+00:00","dateModified":"2022-03-14T19:36:50+00:00","description":"Zapisy na zaj\u0119cia, nabory i inne. B\u0105d\u017a na bie\u017c\u0105co ze wszystkimi wydarzeniami oraz informacjami z Olympic Golf Club sprawdzaj\u0105c aktualno\u015bci.","breadcrumb":{"@id":"https:\/\/golfogc.pl\/aktualnosci\/#breadcrumb"},"inLanguage":"en-US","potentialAction":[{"@type":"ReadAction","target":["https:\/\/golfogc.pl\/aktualnosci\/"]}]},{"@type":"BreadcrumbList","@id":"https:\/\/golfogc.pl\/aktualnosci\/#breadcrumb","itemListElement":[{"@type":"ListItem","position":1,"name":"Strona g\u0142\u00f3wna","item":"https:\/\/golfogc.pl\/"},{"@type":"ListItem","position":2,"name":"Aktualno\u015bci"}]},{"@type":"WebSite","@id":"https:\/\/golfogc.pl\/#website","url":"https:\/\/golfogc.pl\/","name":"Olympic Golf Club | Warszawa | Driving Range","description":"At Olympic Golf Club we offer lessons as we as a full practice facility to work on your swing.","publisher":{"@id":"https:\/\/golfogc.pl\/#organization"},"potentialAction":[{"@type":"SearchAction","target":{"@type":"EntryPoint","urlTemplate":"https:\/\/golfogc.pl\/?s={search_term_string}"},"query-input":"required name=search_term_string"}],"inLanguage":"en-US"},{"@type":"Organization","@id":"https:\/\/golfogc.pl\/#organization","name":"Olympic Golf Club","url":"https:\/\/golfogc.pl\/","logo":{"@type":"ImageObject","inLanguage":"en-US","@id":"https:\/\/golfogc.pl\/#\/schema\/logo\/image\/","url":"https:\/\/golfogc.pl\/wp-content\/uploads\/2022\/02\/LOGO_GOLF_OGC.png","contentUrl":"https:\/\/golfogc.pl\/wp-content\/uploads\/2022\/02\/LOGO_GOLF_OGC.png","width":600,"height":499,"caption":"Olympic Golf Club"},"image":{"@id":"https:\/\/golfogc.pl\/#\/schema\/logo\/image\/"},"sameAs":["https:\/\/www.facebook.com\/olympicgolf","https:\/\/www.instagram.com\/olympic_golf_club\/","https:\/\/pl.pinterest.com\/olympicgolf\/_saved\/"]}]}},"_links":{"self":[{"href":"https:\/\/golfogc.pl\/en\/wp-json\/wp\/v2\/pages\/238869"}],"collection":[{"href":"https:\/\/golfogc.pl\/en\/wp-json\/wp\/v2\/pages"}],"about":[{"href":"https:\/\/golfogc.pl\/en\/wp-json\/wp\/v2\/types\/page"}],"author":[{"embeddable":true,"href":"https:\/\/golfogc.pl\/en\/wp-json\/wp\/v2\/users\/2"}],"replies":[{"embeddable":true,"href":"https:\/\/golfogc.pl\/en\/wp-json\/wp\/v2\/comments?post=238869"}],"version-history":[{"count":7,"href":"https:\/\/golfogc.pl\/en\/wp-json\/wp\/v2\/pages\/238869\/revisions"}],"predecessor-version":[{"id":239729,"href":"https:\/\/golfogc.pl\/en\/wp-json\/wp\/v2\/pages\/238869\/revisions\/239729"}],"wp:attachment":[{"href":"https:\/\/golfogc.pl\/en\/wp-json\/wp\/v2\/media?parent=238869"}],"curies":[{"name":"wp","href":"https:\/\/api.w.org\/{rel}","templated":true}]}}